{"id":81,"date":"2022-04-12T08:00:53","date_gmt":"2022-04-12T08:00:53","guid":{"rendered":"https:\/\/startersites.io\/blocksy\/home-decor\/?post_type=product&#038;p=81"},"modified":"2026-04-01T17:47:46","modified_gmt":"2026-04-01T14:47:46","slug":"indigo-set-yatak","status":"publish","type":"product","link":"https:\/\/www.artmonaglobal.com\/tr\/urun\/indigo-set-yatak\/","title":{"rendered":"Indigo Set Yatak"},"content":{"rendered":"<p>\u00dcST\u00dcN KONFOR &amp; ZAMANSIZ \u015eIKLIK<\/p>\n<p>INDIGO Set, Artmona Global\u2019in konfor, estetik ve dayan\u0131kl\u0131l\u0131\u011f\u0131 bir araya getiren \u00f6zel yatak<br \/>\nserilerinden biridir. Modern tasar\u0131m\u0131, pedli \u00fcst katman\u0131 ve dengeli sertlik seviyesi ile hem ev<br \/>\nkullan\u0131m\u0131 hem de profesyonel alanlar i\u00e7in ideal bir uyku deneyimi sunar.<\/p>\n<p>Kullan\u0131m Alanlar\u0131<br \/>\n\u2022 Ev kullan\u0131m\u0131 i\u00e7in m\u00fckemmel<br \/>\n\u2022 Otel ve konaklama tesisleri i\u00e7in ideal<br \/>\n\u2022 Uzun s\u00fcreli ve yo\u011fun kullan\u0131ma uygun<\/p>\n<p>INDIGO Set, Artmona Global kalitesiyle tasarlanm\u0131\u015f; konforu, dayan\u0131kl\u0131l\u0131\u011f\u0131 ve esteti\u011fi bir arada<br \/>\nsunan premium bir yatakt\u0131r.<br \/>\n\u00dcst\u00fcn uyku deneyimini her gece ya\u015famak isteyenler i\u00e7in do\u011fru tercih.<\/p>\n","protected":false},"excerpt":{"rendered":"<p>\u00dcST\u00dcN KONFOR &amp; ZAMANSIZ \u015eIKLIK INDIGO Set, Artmona Global\u2019in konfor, estetik ve dayan\u0131kl\u0131l\u0131\u011f\u0131 bir araya getiren \u00f6zel yatak serilerinden biridir.<\/p>\n","protected":false},"featured_media":20642,"template":"","meta":[],"product_brand":[],"product_cat":[148],"product_tag":[41],"class_list":{"0":"post-81","1":"product","2":"type-product","3":"status-publish","4":"has-post-thumbnail","6":"product_cat-kisisel-kullanim-konaklama-yataklari","7":"product_tag-indigosetyatak","9":"first","10":"instock","11":"shipping-taxable","12":"product-type-simple"},"_links":{"self":[{"href":"https:\/\/www.artmonaglobal.com\/tr\/wp-json\/wp\/v2\/product\/81","targetHints":{"allow":["GET"]}}],"collection":[{"href":"https:\/\/www.artmonaglobal.com\/tr\/wp-json\/wp\/v2\/product"}],"about":[{"href":"https:\/\/www.artmonaglobal.com\/tr\/wp-json\/wp\/v2\/types\/product"}],"wp:featuredmedia":[{"embeddable":true,"href":"https:\/\/www.artmonaglobal.com\/tr\/wp-json\/wp\/v2\/media\/20642"}],"wp:attachment":[{"href":"https:\/\/www.artmonaglobal.com\/tr\/wp-json\/wp\/v2\/media?parent=81"}],"wp:term":[{"taxonomy":"product_brand","embeddable":true,"href":"https:\/\/www.artmonaglobal.com\/tr\/wp-json\/wp\/v2\/product_brand?post=81"},{"taxonomy":"product_cat","embeddable":true,"href":"https:\/\/www.artmonaglobal.com\/tr\/wp-json\/wp\/v2\/product_cat?post=81"},{"taxonomy":"product_tag","embeddable":true,"href":"https:\/\/www.artmonaglobal.com\/tr\/wp-json\/wp\/v2\/product_tag?post=81"}],"curies":[{"name":"wp","href":"https:\/\/api.w.org\/{rel}","templated":true}]}}