{"id":17186,"date":"2015-10-05T12:18:00","date_gmt":"2015-10-05T12:18:00","guid":{"rendered":"https:\/\/avadawebsites.wpengine.com\/classic-shop\/?post_type=product&#038;p=17186"},"modified":"2026-04-01T16:11:09","modified_gmt":"2026-04-01T13:11:09","slug":"reformer","status":"publish","type":"product","link":"https:\/\/www.artmonaglobal.com\/tr\/urun\/reformer\/","title":{"rendered":"Reformer"},"content":{"rendered":"<p><span class=\"jCAhz ChMk0b\"><span class=\"ryNqvb\">ARTMONA Reformer, st\u00fcdyo kullan\u0131m\u0131 i\u00e7in tasarlanm\u0131\u015f profesyonel bir Pilates makinesidir.<\/span><\/span><\/p>\n<p><span class=\"jCAhz ChMk0b\"><span class=\"ryNqvb\">Sa\u011flam ah\u015fap \u00e7er\u00e7eve dayan\u0131kl\u0131l\u0131k ve stabilite sa\u011flarken, p\u00fcr\u00fczs\u00fcz ta\u015f\u0131ma sistemi egzersizler s\u0131ras\u0131nda kontroll\u00fc hareket sa\u011flar.<\/span><\/span><\/p>\n<p>AA Kalite 1. S\u0131n\u0131f Kay\u0131n a\u011fac\u0131ndan ve paslanmaz krom kaplama \u00e7elikten yap\u0131lmaktad\u0131r.<\/p>\n<p>2 kademeli gear bar, 5 adet diren\u00e7 yay\u0131, 3 kademeli boyun ayar\u0131, 4 kademeli footbar bulunmaktad\u0131r.<\/p>\n<p>Tak\u0131p \u00e7\u0131kart\u0131labilen jumpboard ve omuzluklar bulunmaktad\u0131r.<\/p>\n<p>\u2022 Sa\u011flam kay\u0131n a\u011fac\u0131 \u00e7er\u00e7eve<\/p>\n<p>\u2022 P\u00fcr\u00fczs\u00fcz ta\u015f\u0131ma sistemi<\/p>\n<p>\u2022 Ayarlanabilir ayakl\u0131k<\/p>\n<p>\u2022 Profesyonel yayl\u0131 diren\u00e7 sistemi<\/p>\n<p>\u2022 Y\u00fcksek yo\u011funluklu d\u00f6\u015feme<\/p>\n<p>\u2022 Profesyonel st\u00fcdyolar i\u00e7in uygundur<\/p>\n","protected":false},"excerpt":{"rendered":"<p>ARTMONA Reformer, st\u00fcdyo kullan\u0131m\u0131 i\u00e7in tasarlanm\u0131\u015f profesyonel bir Pilates makinesidir. Sa\u011flam ah\u015fap \u00e7er\u00e7eve dayan\u0131kl\u0131l\u0131k ve stabilite sa\u011flarken, p\u00fcr\u00fczs\u00fcz ta\u015f\u0131ma sistemi<\/p>\n","protected":false},"featured_media":20644,"template":"","meta":[],"product_brand":[],"product_cat":[150],"product_tag":[141],"class_list":{"0":"post-17186","1":"product","2":"type-product","3":"status-publish","4":"has-post-thumbnail","6":"product_cat-pilates-urunleri-spor-ekipmanlari","7":"product_tag-reformer","9":"first","10":"instock","11":"shipping-taxable","12":"product-type-simple"},"_links":{"self":[{"href":"https:\/\/www.artmonaglobal.com\/tr\/wp-json\/wp\/v2\/product\/17186","targetHints":{"allow":["GET"]}}],"collection":[{"href":"https:\/\/www.artmonaglobal.com\/tr\/wp-json\/wp\/v2\/product"}],"about":[{"href":"https:\/\/www.artmonaglobal.com\/tr\/wp-json\/wp\/v2\/types\/product"}],"wp:featuredmedia":[{"embeddable":true,"href":"https:\/\/www.artmonaglobal.com\/tr\/wp-json\/wp\/v2\/media\/20644"}],"wp:attachment":[{"href":"https:\/\/www.artmonaglobal.com\/tr\/wp-json\/wp\/v2\/media?parent=17186"}],"wp:term":[{"taxonomy":"product_brand","embeddable":true,"href":"https:\/\/www.artmonaglobal.com\/tr\/wp-json\/wp\/v2\/product_brand?post=17186"},{"taxonomy":"product_cat","embeddable":true,"href":"https:\/\/www.artmonaglobal.com\/tr\/wp-json\/wp\/v2\/product_cat?post=17186"},{"taxonomy":"product_tag","embeddable":true,"href":"https:\/\/www.artmonaglobal.com\/tr\/wp-json\/wp\/v2\/product_tag?post=17186"}],"curies":[{"name":"wp","href":"https:\/\/api.w.org\/{rel}","templated":true}]}}